{"id":10,"date":"2018-11-26T12:38:29","date_gmt":"2018-11-26T12:38:29","guid":{"rendered":"http:\/\/test.buergerstiftung-clp.org\/?page_id=10"},"modified":"2019-01-10T12:00:45","modified_gmt":"2019-01-10T11:00:45","slug":"die-stiftung","status":"publish","type":"page","link":"https:\/\/buergerstiftung-clp.org\/?page_id=10","title":{"rendered":"Die Stiftung"},"content":{"rendered":"<h1><strong>Die B\u00fcrgerstiftung Cloppenburg<\/strong><\/h1>\n<p>ist eine Gemeinschaft von B\u00fcrgern f\u00fcr B\u00fcrger. Sie wurde im Herbst 2009 gegr\u00fcndet, um ein Ziel zu verfolgen: Aus guten Ideen erfolgreiche Projekte von Cloppenburgern f\u00fcr Cloppenburger zu machen &#8211; dabei<\/p>\n<p>bestehende fortzuf\u00fchren und neue zu initiiren.<\/p>\n<p>Die Aktionen werden durch das b\u00fcrgerschaftliche Engagement getragen und durch steigendes Stiftungskapital erm\u00f6glicht. Das Spektrum an zu unterst\u00fctzenden Projekten ist breit: Ob Kultur, Jugend und Soziales, das Bildungswesen, Natur und Umwelt oder der Denkmalschutz.<\/p>\n<h3><em><strong>Mitmachen kann jeder!<\/strong><\/em><\/h3>\n<ul style=\"list-style-type: square;\">\n<li><em>Ideengeber<\/em> &#8211; Ihre Ideen, Impulse und Anregungen sind die wichtigste Voraussetzung f\u00fcr die Entstehung gemeinn\u00fctziger Projekte von Cloppenburgern f\u00fcr Cloppenburger. Nutzen Se die B\u00fcrgerstiftung Cloppenburg. Wir freuen uns auf Ihre Ideen!<\/li>\n<\/ul>\n<ul style=\"list-style-type: square;\">\n<li><em>Helfer &#8211; <\/em>Wir brauchen Ihre ehrenamtliche Mitarbeit bei Projekten.<\/li>\n<\/ul>\n<ul style=\"list-style-type: square;\">\n<li><em>Stifter<\/em> &#8211; Zustiftungen bilden die finanzielle Basis. Sie erm\u00f6glichen eine langfristige Realisierung vieler guter Projekte f\u00fcr die B\u00fcrger der Stadt Cloppenburg. Als Stifter werden Sie ein wichtiger Teil der B\u00fcrgerstiftung (ab einmalig 1.435 \u20ac bzw. f\u00fcr Erwachsene unter 30 Jahren 575 \u20ac).<\/li>\n<\/ul>\n<ul style=\"list-style-type: square;\">\n<li><em>Spender <\/em>&#8211; Stellen Sie einen Betrag einem konkreten Projekt zur Verf\u00fcgung oder lassen Sie den Zweck offen. Egal, wie Sie sich entscheiden. Ihre Spende kommt garantiert den Cloppenburger B\u00fcrgern und somit auch Ihnen zugute. &#8211; Und Sie erhalten nat\u00fcrlich eine Spendenquittung.<\/li>\n<\/ul>\n<ul style=\"list-style-type: square;\">\n<li><em>Zuwender<\/em> &#8211; Unterst\u00fctzen Sie die B\u00fcrgerstiftung Cloppenburg mit einem Erbteil oder Verm\u00e4chtnis. Ob mit oder ohne Zweckbildung ist dabei Ihnen \u00fcberlassen.<\/li>\n<\/ul>\n<h6><strong><a href=\"https:\/\/buergerstiftung-clp.org\/?page_id=874\">Zum Download-Service<\/a><\/strong><\/h6>\n<p>&nbsp;<\/p>\n<figure id=\"attachment_950\" aria-describedby=\"caption-attachment-950\" style=\"width: 390px\" class=\"wp-caption aligncenter\"><a href=\"https:\/\/buergerstiftung-clp.org\/?m=200911\"><img loading=\"lazy\" decoding=\"async\" class=\"wp-image-950 size-full\" src=\"https:\/\/buergerstiftung-clp.org\/wp-content\/uploads\/2019\/01\/1-MT28-11-2009.jpg\" alt=\"\" width=\"400\" height=\"301\" \/><\/a><figcaption id=\"caption-attachment-950\" class=\"wp-caption-text\"><strong><a href=\"https:\/\/buergerstiftung-clp.org\/?m=200911\">M\u00fcnsterl\u00e4ndische-Tageszeitung vom 28.11.2009<\/a><\/strong><\/figcaption><\/figure>\n","protected":false},"excerpt":{"rendered":"<p>Die B\u00fcrgerstiftung Cloppenburg ist eine Gemeinschaft von B\u00fcrgern f\u00fcr B\u00fcrger. Sie wurde im Herbst 2009 gegr\u00fcndet, um ein Ziel zu verfolgen: Aus guten Ideen erfolgreiche Projekte von Cloppenburgern f\u00fcr Cloppenburger zu machen &#8211; dabei bestehende &#8230; <a title=\"Die Stiftung\" class=\"read-more\" href=\"https:\/\/buergerstiftung-clp.org\/?page_id=10\" aria-label=\"Mehr Informationen \u00fcber Die Stiftung\">Weiter lesen<\/a><\/p>\n","protected":false},"author":1,"featured_media":0,"parent":0,"menu_order":1,"comment_status":"closed","ping_status":"closed","template":"","meta":{"footnotes":""},"class_list":["post-10","page","type-page","status-publish"],"_links":{"self":[{"href":"https:\/\/buergerstiftung-clp.org\/index.php?rest_route=\/wp\/v2\/pages\/10","targetHints":{"allow":["GET"]}}],"collection":[{"href":"https:\/\/buergerstiftung-clp.org\/index.php?rest_route=\/wp\/v2\/pages"}],"about":[{"href":"https:\/\/buergerstiftung-clp.org\/index.php?rest_route=\/wp\/v2\/types\/page"}],"author":[{"embeddable":true,"href":"https:\/\/buergerstiftung-clp.org\/index.php?rest_route=\/wp\/v2\/users\/1"}],"replies":[{"embeddable":true,"href":"https:\/\/buergerstiftung-clp.org\/index.php?rest_route=%2Fwp%2Fv2%2Fcomments&post=10"}],"version-history":[{"count":33,"href":"https:\/\/buergerstiftung-clp.org\/index.php?rest_route=\/wp\/v2\/pages\/10\/revisions"}],"predecessor-version":[{"id":956,"href":"https:\/\/buergerstiftung-clp.org\/index.php?rest_route=\/wp\/v2\/pages\/10\/revisions\/956"}],"wp:attachment":[{"href":"https:\/\/buergerstiftung-clp.org\/index.php?rest_route=%2Fwp%2Fv2%2Fmedia&parent=10"}],"curies":[{"name":"wp","href":"https:\/\/api.w.org\/{rel}","templated":true}]}}