{"id":1010,"date":"2019-02-19T13:26:06","date_gmt":"2019-02-19T12:26:06","guid":{"rendered":"https:\/\/buergerstiftung-clp.org\/?page_id=1010"},"modified":"2019-02-21T10:49:48","modified_gmt":"2019-02-21T09:49:48","slug":"wagemut-2","status":"publish","type":"page","link":"https:\/\/buergerstiftung-clp.org\/?page_id=1010","title":{"rendered":"wageMUT"},"content":{"rendered":"<p><img loading=\"lazy\" decoding=\"async\" class=\"wp-image-107 size-medium alignnone\" src=\"https:\/\/buergerstiftung-clp.org\/wp-content\/uploads\/2018\/11\/CLOPPENBURG_1_9985e2f0-a551-4a54-baaf-f756b6650795-600x296-300x148.jpg\" alt=\"\" width=\"300\" height=\"148\" srcset=\"https:\/\/buergerstiftung-clp.org\/wp-content\/uploads\/2018\/11\/CLOPPENBURG_1_9985e2f0-a551-4a54-baaf-f756b6650795-600x296-300x148.jpg 300w, https:\/\/buergerstiftung-clp.org\/wp-content\/uploads\/2018\/11\/CLOPPENBURG_1_9985e2f0-a551-4a54-baaf-f756b6650795-600x296.jpg 700w\" sizes=\"auto, (max-width: 300px) 100vw, 300px\" \/><\/p>\n<p><strong>Vikar Henn-Preis f\u00fcr Zivilcourage<\/strong><\/p>\n<p><strong>Idee des Preises <\/strong><\/p>\n<p>Mit dem Preis soll an den vorbildlichen und mutigen Einsatz von Vikar Ernst Henn, ein Sohn des Oldenburger M\u00fcnsterlandes, erinnert und sein Andenken gew\u00fcrdigt werden.<\/p>\n<p>Er hat in der Zeit des Nationalsozialismus mutig das NS-Unrechtsregime angeprangert und sich entschieden f\u00fcr Menschenw\u00fcrde und gegen Machtmissbrauch eingesetzt.<\/p>\n<p>Weiter soll ein Beitrag geleistet werden, die Menschen verachtenden Verbrechen in der nationalsozialistischen Zeit in mahnender Erinnerung zu halten, ein Beitrag: <strong>Gegen das Vergessen!<\/strong><\/p>\n<p><strong>Was soll erreicht werden?<\/strong><\/p>\n<p>Mit der Auslobung des Preises in H\u00f6he von 2.500 Euro sollen Impulse gesetzt werden, im Alltag das Leben im engeren Umfeld und dar\u00fcber hinaus \u2013 auch jenseits nationaler Grenzen \u2013 zu sehen und es mutig mit Blick auf die W\u00fcrde des Menschen mitzugestalten: <strong>Sehen &#8211; Urteilen \u2013 Handeln!<\/strong><\/p>\n<p>Au\u00dfgezeichnet werden soll eine Person, eine Personengruppe oder eine Institution, die sich im Alltag mutig <strong>gegen<\/strong> Gewalt, Rassismus, Diskriminierung und <strong>f\u00fcr<\/strong> Menschenw\u00fcrde, Bewahrung der Sch\u00f6pfung und Gerechtigkeit eingesetzt hat: wageMUT<\/p>\n<p><strong>Wer lobt diesen Preis aus?<\/strong><\/p>\n<p>Bei der Vorbereitung der Auslobung des Preises wurden in Gespr\u00e4chen mit verschiedenen Gruppierungen, mit j\u00fcngeren und \u00e4lteren Menschen aus unterschiedlichen gesellschaftlichen Bereichen Ziele und M\u00f6glichkeiten er\u00f6rtert, dieses Projekt auf den Weg zu bringen. Preisstifter ist die B\u00fcrgerstiftung Cloppenburg, die auf eine gro\u00dfe Beteiligung bei der Suche nach einer w\u00fcrdigen Preistr\u00e4gerin oder einem w\u00fcrdigen Preistr\u00e4ger hofft. Vorschl\u00e4ge f\u00fcr Pers\u00f6nlichkeiten aus dem pers\u00f6nlichen Alltagsbereich oder aus dem beruflichen, ehrenamtlichen oder schulischen Umfeld sind <strong>herzlich willkommen!<\/strong><\/p>\n<p><center> <\/p>\n<div class=\"brlbs-cmpnt-container brlbs-cmpnt-content-blocker brlbs-cmpnt-with-individual-styles\" data-borlabs-cookie-content-blocker-id=\"youtube-content-blocker\" data-borlabs-cookie-content=\"PGlmcmFtZSBzcmM9Imh0dHBzOi8vd3d3LnlvdXR1YmUtbm9jb29raWUuY29tL2VtYmVkL3BQUEFyeUQzV0ZNP3JlbD0wIiB3aWR0aD0iNTYwIiBoZWlnaHQ9IjMxNSIgZnJhbWVib3JkZXI9IjAiIGFsbG93ZnVsbHNjcmVlbj0iYWxsb3dmdWxsc2NyZWVuIj48L2lmcmFtZT4=\">\n<div class=\"brlbs-cmpnt-cb-preset-c brlbs-cmpnt-cb-youtube\">\n<div class=\"brlbs-cmpnt-cb-thumbnail\" style=\"background-image: url('https:\/\/buergerstiftung-clp.org\/wp-content\/uploads\/borlabs-cookie\/1\/yt_pPPAryD3WFM_hqdefault.jpg')\"><\/div>\n<div class=\"brlbs-cmpnt-cb-main\">\n<div class=\"brlbs-cmpnt-cb-play-button\"><\/div>\n<div class=\"brlbs-cmpnt-cb-content\">\n<p class=\"brlbs-cmpnt-cb-description\">Sie sehen gerade einen Platzhalterinhalt von <strong>YouTube<\/strong>. Um auf den eigentlichen Inhalt zuzugreifen, klicken Sie auf die Schaltfl\u00e4che unten. Bitte beachten Sie, dass dabei Daten an Drittanbieter weitergegeben werden.<\/p>\n<p> <a class=\"brlbs-cmpnt-cb-provider-toggle\" href=\"#\" data-borlabs-cookie-show-provider-information role=\"button\">Mehr Informationen<\/a> <\/div>\n<div class=\"brlbs-cmpnt-cb-buttons\"> <a class=\"brlbs-cmpnt-cb-btn\" href=\"#\" data-borlabs-cookie-unblock role=\"button\">Inhalt entsperren<\/a> <a class=\"brlbs-cmpnt-cb-btn\" href=\"#\" data-borlabs-cookie-accept-service role=\"button\" style=\"display: inherit\">Erforderlichen Service akzeptieren und Inhalte entsperren<\/a> <\/div>\n<\/p><\/div>\n<\/p><\/div>\n<\/div>\n<p><\/center><\/p>\n<p style=\"text-align: left;\"><span style=\"font-size: 12px;\">Angaben zum Video wageMUT:<br \/>\nAnnasophie Bothe, Mitglied des Jugendparlaments Cloppenburg und j\u00fcngstes Jurymitglied. Sie hat Sch\u00fclerinnen und Sch\u00fcler mehrerer Schulen zum Thema Hilfsbereitschaft, Zivilcourage und Mut interviewt.<\/span><\/p>\n<p><a href=\"https:\/\/buergerstiftung-clp.org\/?page_id=1068\">Zur Preisverleihung am 18. Februar 2019 im Kreishaus des Landkreises Cloppenburg<\/a><\/p>\n","protected":false},"excerpt":{"rendered":"<p>Vikar Henn-Preis f\u00fcr Zivilcourage Idee des Preises Mit dem Preis soll an den vorbildlichen und mutigen Einsatz von Vikar Ernst Henn, ein Sohn des Oldenburger M\u00fcnsterlandes, erinnert und sein Andenken gew\u00fcrdigt werden. Er hat in &#8230; <a title=\"wageMUT\" class=\"read-more\" href=\"https:\/\/buergerstiftung-clp.org\/?page_id=1010\" aria-label=\"Mehr Informationen \u00fcber wageMUT\">Weiter lesen<\/a><\/p>\n","protected":false},"author":1,"featured_media":0,"parent":0,"menu_order":0,"comment_status":"closed","ping_status":"closed","template":"","meta":{"footnotes":""},"class_list":["post-1010","page","type-page","status-publish"],"_links":{"self":[{"href":"https:\/\/buergerstiftung-clp.org\/index.php?rest_route=\/wp\/v2\/pages\/1010","targetHints":{"allow":["GET"]}}],"collection":[{"href":"https:\/\/buergerstiftung-clp.org\/index.php?rest_route=\/wp\/v2\/pages"}],"about":[{"href":"https:\/\/buergerstiftung-clp.org\/index.php?rest_route=\/wp\/v2\/types\/page"}],"author":[{"embeddable":true,"href":"https:\/\/buergerstiftung-clp.org\/index.php?rest_route=\/wp\/v2\/users\/1"}],"replies":[{"embeddable":true,"href":"https:\/\/buergerstiftung-clp.org\/index.php?rest_route=%2Fwp%2Fv2%2Fcomments&post=1010"}],"version-history":[{"count":7,"href":"https:\/\/buergerstiftung-clp.org\/index.php?rest_route=\/wp\/v2\/pages\/1010\/revisions"}],"predecessor-version":[{"id":1017,"href":"https:\/\/buergerstiftung-clp.org\/index.php?rest_route=\/wp\/v2\/pages\/1010\/revisions\/1017"}],"wp:attachment":[{"href":"https:\/\/buergerstiftung-clp.org\/index.php?rest_route=%2Fwp%2Fv2%2Fmedia&parent=1010"}],"curies":[{"name":"wp","href":"https:\/\/api.w.org\/{rel}","templated":true}]}}