{"id":1068,"date":"2019-02-20T23:09:03","date_gmt":"2019-02-20T22:09:03","guid":{"rendered":"https:\/\/buergerstiftung-clp.org\/?page_id=1068"},"modified":"2023-04-13T08:07:03","modified_gmt":"2023-04-13T06:07:03","slug":"vikar-henn-preis","status":"publish","type":"page","link":"https:\/\/buergerstiftung-clp.org\/?page_id=1068","title":{"rendered":"Vikar-Henn-Preis 2019"},"content":{"rendered":"<p><img loading=\"lazy\" decoding=\"async\" class=\"wp-image-1069 size-medium aligncenter\" src=\"https:\/\/buergerstiftung-clp.org\/wp-content\/uploads\/2019\/02\/Skulptur-wage-MUT-243x480.png\" alt=\"\" width=\"243\" height=\"480\" srcset=\"https:\/\/buergerstiftung-clp.org\/wp-content\/uploads\/2019\/02\/Skulptur-wage-MUT-243x480.png 243w, https:\/\/buergerstiftung-clp.org\/wp-content\/uploads\/2019\/02\/Skulptur-wage-MUT.png 350w\" sizes=\"auto, (max-width: 243px) 100vw, 243px\" \/><\/p>\n<h6 style=\"text-align: center;\">Skulptur &#8211; wageMUT Entwurf: Ivo Gohsmann, Bildhauer<\/h6>\n<p>&nbsp;<\/p>\n<p>&nbsp;<\/p>\n<h2><strong>Verleihung des Vikar-Henn-Preis<\/strong> <em>f\u00fcr Zivilcourage<\/em>\u00a0 <strong>2019<\/strong><\/h2>\n<p>Am 18. Februar 2019 um 17.00 Uhr im Kreishaus des Landkreises Cloppenburg wurde der Preis f\u00fcr Zivilcourage zum ersten Mal vergeben, der Preistr\u00e4ger ist Pr\u00e4lat Peter Kossen.<\/p>\n<p><a href=\"https:\/\/buergerstiftung-clp.org\/wp-content\/uploads\/2019\/02\/Verleihung-wagemut.jpg\" target=\"_blank\" rel=\"noopener noreferrer\"><img loading=\"lazy\" decoding=\"async\" class=\"aligncenter wp-image-1108 size-medium\" src=\"https:\/\/buergerstiftung-clp.org\/wp-content\/uploads\/2019\/02\/Verleihung-wagemut-640x410.jpg\" alt=\"\" width=\"640\" height=\"410\" srcset=\"https:\/\/buergerstiftung-clp.org\/wp-content\/uploads\/2019\/02\/Verleihung-wagemut-640x410.jpg 640w, https:\/\/buergerstiftung-clp.org\/wp-content\/uploads\/2019\/02\/Verleihung-wagemut-768x492.jpg 768w, https:\/\/buergerstiftung-clp.org\/wp-content\/uploads\/2019\/02\/Verleihung-wagemut.jpg 936w\" sizes=\"auto, (max-width: 640px) 100vw, 640px\" \/><\/a><\/p>\n<h6 style=\"text-align: center;\">Von links: Theo Budde, B\u00fcrgerstiftung\u00a0 Johann Wimberg, Landrat\u00a0 Peter Kossen, Pr\u00e4lat\u00a0 Prof. Dr. Uwe Meiners\u00a0 Dr. Wolfgang Wiese, B\u00fcrgermeister<br \/>\nFOTOS: \u00a9 J\u00fcrgen Luttmer<\/h6>\n<p style=\"text-align: center;\"><a href=\"https:\/\/buergerstiftung-clp.org\/?page_id=1053\" target=\"_blank\" rel=\"noopener noreferrer\">Die Laudatio<\/a> hielt Prof. Dr. Uwe Meiners<br \/>\n<a href=\"https:\/\/buergerstiftung-clp.org\/?page_id=1042\" target=\"_blank\" rel=\"noopener noreferrer\">Die Dankesrede<\/a> von Pr\u00e4lat Peter Kossen<\/p>\n<p>&nbsp;<\/p>\n<h3 style=\"text-align: center;\">Einige Fotos von der Preisverleihung des Vikar-Henn-Preis f\u00fcr <em>Zivilcourage wage<\/em><strong>MUT<\/strong><\/h3>\n<div id='gallery-1' class='gallery galleryid-1068 gallery-columns-5 gallery-size-thumbnail'><figure class='gallery-item'>\n\t\t\t<div class='gallery-icon landscape'>\n\t\t\t\t<a href='https:\/\/buergerstiftung-clp.org\/?attachment_id=1195'><img loading=\"lazy\" decoding=\"async\" width=\"200\" height=\"200\" src=\"https:\/\/buergerstiftung-clp.org\/wp-content\/uploads\/2019\/02\/slide-projekte8-200x200.jpg\" class=\"attachment-thumbnail size-thumbnail\" alt=\"\" \/><\/a>\n\t\t\t<\/div><\/figure><figure class='gallery-item'>\n\t\t\t<div class='gallery-icon landscape'>\n\t\t\t\t<a href='https:\/\/buergerstiftung-clp.org\/?attachment_id=1209'><img loading=\"lazy\" decoding=\"async\" width=\"200\" height=\"200\" src=\"https:\/\/buergerstiftung-clp.org\/wp-content\/uploads\/2019\/02\/slide-projekte7-200x200.jpg\" class=\"attachment-thumbnail size-thumbnail\" alt=\"\" \/><\/a>\n\t\t\t<\/div><\/figure><figure class='gallery-item'>\n\t\t\t<div class='gallery-icon landscape'>\n\t\t\t\t<a href='https:\/\/buergerstiftung-clp.org\/?attachment_id=1205'><img loading=\"lazy\" decoding=\"async\" width=\"200\" height=\"200\" src=\"https:\/\/buergerstiftung-clp.org\/wp-content\/uploads\/2019\/02\/slide-projekte7-2-200x200.jpg\" class=\"attachment-thumbnail size-thumbnail\" alt=\"\" \/><\/a>\n\t\t\t<\/div><\/figure><figure class='gallery-item'>\n\t\t\t<div class='gallery-icon landscape'>\n\t\t\t\t<a href='https:\/\/buergerstiftung-clp.org\/?attachment_id=1204'><img loading=\"lazy\" decoding=\"async\" width=\"200\" height=\"200\" src=\"https:\/\/buergerstiftung-clp.org\/wp-content\/uploads\/2019\/02\/slide-projekte6-200x200.jpg\" class=\"attachment-thumbnail size-thumbnail\" alt=\"\" \/><\/a>\n\t\t\t<\/div><\/figure><figure class='gallery-item'>\n\t\t\t<div class='gallery-icon landscape'>\n\t\t\t\t<a href='https:\/\/buergerstiftung-clp.org\/?attachment_id=1203'><img loading=\"lazy\" decoding=\"async\" width=\"200\" height=\"200\" src=\"https:\/\/buergerstiftung-clp.org\/wp-content\/uploads\/2019\/02\/slide-projekte3-200x200.jpg\" class=\"attachment-thumbnail size-thumbnail\" alt=\"\" \/><\/a>\n\t\t\t<\/div><\/figure><figure class='gallery-item'>\n\t\t\t<div class='gallery-icon landscape'>\n\t\t\t\t<a href='https:\/\/buergerstiftung-clp.org\/?attachment_id=1198#main'><img loading=\"lazy\" decoding=\"async\" width=\"200\" height=\"200\" src=\"https:\/\/buergerstiftung-clp.org\/wp-content\/uploads\/2019\/02\/slide-projekte2-200x200.jpg\" class=\"attachment-thumbnail size-thumbnail\" alt=\"\" \/><\/a>\n\t\t\t<\/div><\/figure><figure class='gallery-item'>\n\t\t\t<div class='gallery-icon landscape'>\n\t\t\t\t<a href='https:\/\/buergerstiftung-clp.org\/?attachment_id=1197#main'><img loading=\"lazy\" decoding=\"async\" width=\"200\" height=\"200\" src=\"https:\/\/buergerstiftung-clp.org\/wp-content\/uploads\/2019\/02\/slide-projekte5-200x200.jpg\" class=\"attachment-thumbnail size-thumbnail\" alt=\"\" \/><\/a>\n\t\t\t<\/div><\/figure><figure class='gallery-item'>\n\t\t\t<div class='gallery-icon landscape'>\n\t\t\t\t<a href='https:\/\/buergerstiftung-clp.org\/?attachment_id=1108#main'><img loading=\"lazy\" decoding=\"async\" width=\"200\" height=\"200\" src=\"https:\/\/buergerstiftung-clp.org\/wp-content\/uploads\/2019\/02\/Verleihung-wagemut-200x200.jpg\" class=\"attachment-thumbnail size-thumbnail\" alt=\"\" \/><\/a>\n\t\t\t<\/div><\/figure><figure class='gallery-item'>\n\t\t\t<div class='gallery-icon landscape'>\n\t\t\t\t<a href='https:\/\/buergerstiftung-clp.org\/?attachment_id=1214#main'><img loading=\"lazy\" decoding=\"async\" width=\"200\" height=\"200\" src=\"https:\/\/buergerstiftung-clp.org\/wp-content\/uploads\/2019\/02\/wagemut-200x200.jpg\" class=\"attachment-thumbnail size-thumbnail\" alt=\"\" \/><\/a>\n\t\t\t<\/div><\/figure><figure class='gallery-item'>\n\t\t\t<div class='gallery-icon landscape'>\n\t\t\t\t<a href='https:\/\/buergerstiftung-clp.org\/?attachment_id=1215#main'><img loading=\"lazy\" decoding=\"async\" width=\"200\" height=\"200\" src=\"https:\/\/buergerstiftung-clp.org\/wp-content\/uploads\/2019\/02\/wagemut1-200x200.jpg\" class=\"attachment-thumbnail size-thumbnail\" alt=\"\" \/><\/a>\n\t\t\t<\/div><\/figure><figure class='gallery-item'>\n\t\t\t<div class='gallery-icon landscape'>\n\t\t\t\t<a href='https:\/\/buergerstiftung-clp.org\/?attachment_id=1216#main'><img loading=\"lazy\" decoding=\"async\" width=\"200\" height=\"200\" src=\"https:\/\/buergerstiftung-clp.org\/wp-content\/uploads\/2019\/02\/wagemut2-200x200.jpg\" class=\"attachment-thumbnail size-thumbnail\" alt=\"\" \/><\/a>\n\t\t\t<\/div><\/figure><figure class='gallery-item'>\n\t\t\t<div class='gallery-icon landscape'>\n\t\t\t\t<a href='https:\/\/buergerstiftung-clp.org\/?attachment_id=1217#main'><img loading=\"lazy\" decoding=\"async\" width=\"200\" height=\"200\" src=\"https:\/\/buergerstiftung-clp.org\/wp-content\/uploads\/2019\/02\/wagemut3-200x200.jpg\" class=\"attachment-thumbnail size-thumbnail\" alt=\"\" \/><\/a>\n\t\t\t<\/div><\/figure><figure class='gallery-item'>\n\t\t\t<div class='gallery-icon landscape'>\n\t\t\t\t<a href='https:\/\/buergerstiftung-clp.org\/?attachment_id=1221#main'><img loading=\"lazy\" decoding=\"async\" width=\"200\" height=\"200\" src=\"https:\/\/buergerstiftung-clp.org\/wp-content\/uploads\/2019\/02\/wagemut8-200x200.jpg\" class=\"attachment-thumbnail size-thumbnail\" alt=\"\" \/><\/a>\n\t\t\t<\/div><\/figure><figure class='gallery-item'>\n\t\t\t<div class='gallery-icon landscape'>\n\t\t\t\t<a href='https:\/\/buergerstiftung-clp.org\/?attachment_id=1222#main'><img loading=\"lazy\" decoding=\"async\" width=\"200\" height=\"200\" src=\"https:\/\/buergerstiftung-clp.org\/wp-content\/uploads\/2019\/02\/wagemut9-200x200.jpg\" class=\"attachment-thumbnail size-thumbnail\" alt=\"\" \/><\/a>\n\t\t\t<\/div><\/figure><figure class='gallery-item'>\n\t\t\t<div class='gallery-icon landscape'>\n\t\t\t\t<a href='https:\/\/buergerstiftung-clp.org\/?attachment_id=1192'><img loading=\"lazy\" decoding=\"async\" width=\"200\" height=\"200\" src=\"https:\/\/buergerstiftung-clp.org\/wp-content\/uploads\/2019\/02\/slide-projekte1-200x200.jpg\" class=\"attachment-thumbnail size-thumbnail\" alt=\"\" \/><\/a>\n\t\t\t<\/div><\/figure><figure class='gallery-item'>\n\t\t\t<div class='gallery-icon landscape'>\n\t\t\t\t<a href='https:\/\/buergerstiftung-clp.org\/?attachment_id=1229#main'><img loading=\"lazy\" decoding=\"async\" width=\"200\" height=\"200\" src=\"https:\/\/buergerstiftung-clp.org\/wp-content\/uploads\/2019\/02\/wagemut17-200x200.jpg\" class=\"attachment-thumbnail size-thumbnail\" alt=\"\" \/><\/a>\n\t\t\t<\/div><\/figure><figure class='gallery-item'>\n\t\t\t<div class='gallery-icon landscape'>\n\t\t\t\t<a href='https:\/\/buergerstiftung-clp.org\/?attachment_id=1231#main'><img loading=\"lazy\" decoding=\"async\" width=\"200\" height=\"200\" src=\"https:\/\/buergerstiftung-clp.org\/wp-content\/uploads\/2019\/02\/wagemut50-200x200.jpg\" class=\"attachment-thumbnail size-thumbnail\" alt=\"\" \/><\/a>\n\t\t\t<\/div><\/figure><figure class='gallery-item'>\n\t\t\t<div class='gallery-icon landscape'>\n\t\t\t\t<a href='https:\/\/buergerstiftung-clp.org\/?attachment_id=1235#main'><img loading=\"lazy\" decoding=\"async\" width=\"200\" height=\"200\" src=\"https:\/\/buergerstiftung-clp.org\/wp-content\/uploads\/2019\/02\/wagemut2-1-200x200.jpg\" class=\"attachment-thumbnail size-thumbnail\" alt=\"\" \/><\/a>\n\t\t\t<\/div><\/figure><figure class='gallery-item'>\n\t\t\t<div class='gallery-icon landscape'>\n\t\t\t\t<a href='https:\/\/buergerstiftung-clp.org\/?attachment_id=1237#main'><img loading=\"lazy\" decoding=\"async\" width=\"200\" height=\"200\" src=\"https:\/\/buergerstiftung-clp.org\/wp-content\/uploads\/2019\/02\/wagemut51-200x200.jpg\" class=\"attachment-thumbnail size-thumbnail\" alt=\"\" \/><\/a>\n\t\t\t<\/div><\/figure>\n\t\t<\/div>\n\n<h6><strong>Presseberichte:<br \/>\n<\/strong><a href=\"https:\/\/buergerstiftung-clp.org\/?p=1031\" target=\"_blank\" rel=\"noopener noreferrer\">M\u00fcnsterl\u00e4ndische Tageszeitung<\/a><br \/>\n<a href=\"https:\/\/buergerstiftung-clp.org\/?p=996\" target=\"_blank\" rel=\"noopener noreferrer\">Nordwest Zeitung<\/a><br \/>\n<a href=\"https:\/\/buergerstiftung-clp.org\/?p=1138\" target=\"_blank\" rel=\"noopener noreferrer\">Cloppenburger Wochenblatt<\/a><\/h6>\n<h6><strong>Werner Nilles:<\/strong><br \/>\n<a href=\"https:\/\/buergerstiftung-clp.org\/?p=1174\" target=\"_blank\" rel=\"noopener noreferrer\">Neuauflage des Buches \u00fcber Vikar Ernst Henn<\/a><\/h6>\n","protected":false},"excerpt":{"rendered":"<p>Skulptur &#8211; wageMUT Entwurf: Ivo Gohsmann, Bildhauer &nbsp; &nbsp; Verleihung des Vikar-Henn-Preis f\u00fcr Zivilcourage\u00a0 2019 Am 18. Februar 2019 um 17.00 Uhr im Kreishaus des Landkreises Cloppenburg wurde der Preis f\u00fcr Zivilcourage zum ersten Mal &#8230; <a title=\"Vikar-Henn-Preis 2019\" class=\"read-more\" href=\"https:\/\/buergerstiftung-clp.org\/?page_id=1068\" aria-label=\"Mehr Informationen \u00fcber Vikar-Henn-Preis 2019\">Weiter lesen<\/a><\/p>\n","protected":false},"author":1,"featured_media":0,"parent":1010,"menu_order":0,"comment_status":"closed","ping_status":"closed","template":"","meta":{"footnotes":""},"class_list":["post-1068","page","type-page","status-publish"],"_links":{"self":[{"href":"https:\/\/buergerstiftung-clp.org\/index.php?rest_route=\/wp\/v2\/pages\/1068","targetHints":{"allow":["GET"]}}],"collection":[{"href":"https:\/\/buergerstiftung-clp.org\/index.php?rest_route=\/wp\/v2\/pages"}],"about":[{"href":"https:\/\/buergerstiftung-clp.org\/index.php?rest_route=\/wp\/v2\/types\/page"}],"author":[{"embeddable":true,"href":"https:\/\/buergerstiftung-clp.org\/index.php?rest_route=\/wp\/v2\/users\/1"}],"replies":[{"embeddable":true,"href":"https:\/\/buergerstiftung-clp.org\/index.php?rest_route=%2Fwp%2Fv2%2Fcomments&post=1068"}],"version-history":[{"count":52,"href":"https:\/\/buergerstiftung-clp.org\/index.php?rest_route=\/wp\/v2\/pages\/1068\/revisions"}],"predecessor-version":[{"id":2021,"href":"https:\/\/buergerstiftung-clp.org\/index.php?rest_route=\/wp\/v2\/pages\/1068\/revisions\/2021"}],"up":[{"embeddable":true,"href":"https:\/\/buergerstiftung-clp.org\/index.php?rest_route=\/wp\/v2\/pages\/1010"}],"wp:attachment":[{"href":"https:\/\/buergerstiftung-clp.org\/index.php?rest_route=%2Fwp%2Fv2%2Fmedia&parent=1068"}],"curies":[{"name":"wp","href":"https:\/\/api.w.org\/{rel}","templated":true}]}}