{"id":1429,"date":"2019-11-12T16:39:34","date_gmt":"2019-11-12T15:39:34","guid":{"rendered":"https:\/\/buergerstiftung-clp.org\/?page_id=1429"},"modified":"2021-09-15T10:00:18","modified_gmt":"2021-09-15T08:00:18","slug":"10-jahre-buergerstiftung","status":"publish","type":"page","link":"https:\/\/buergerstiftung-clp.org\/?page_id=1429","title":{"rendered":"JUBIL\u00c4UM 10 Jahre"},"content":{"rendered":"<div id=\"metaslider-id-1383\" style=\"max-width: 1100px; margin: 0 auto;\" class=\"ml-slider-3-108-0 metaslider metaslider-responsive metaslider-1383 ml-slider ms-theme-blend\" role=\"region\" aria-label=\"10 Jahre B\u00fcrgerstiftung Cloppenburg\" data-height=\"300\" data-width=\"1100\">\n    <div id=\"metaslider_container_1383\">\n        <ul id='metaslider_1383' class='rslides'>\n            <li aria-roledescription='slide' aria-labelledby='slide-0'><a href=\"https:\/\/buergerstiftung-clp.org\/?p=1337\" target=\"_blank\"><img loading=\"lazy\" decoding=\"async\" src=\"https:\/\/buergerstiftung-clp.org\/wp-content\/uploads\/2019\/09\/jubil\u00e4um-1063x290.jpg\" height=\"300\" width=\"1100\" alt=\"\" class=\"slider-1383 slide-1384 msDefaultImage\" title=\"10Jahre B\u00fcrgerstiftung Cloppenburg\" \/><\/a><\/li>\n            <li style='display: none;' aria-roledescription='slide' aria-labelledby='slide-1'><a href=\"https:\/\/buergerstiftung-clp.org\/wp-content\/uploads\/2019\/11\/Versteigerungskatalog-06.11.193523.pdf\" target=\"_blank\"><img loading=\"lazy\" decoding=\"async\" src=\"https:\/\/buergerstiftung-clp.org\/wp-content\/uploads\/2019\/11\/J71_1995-2-1100x300.jpg\" height=\"300\" width=\"1100\" alt=\"\" class=\"slider-1383 slide-1498 msDefaultImage\" title=\"10 Jahre B\u00fcrgerstiftung 2019\" \/><\/a><\/li>\n            <li style='display: none;' aria-roledescription='slide' aria-labelledby='slide-2'><a href=\"https:\/\/buergerstiftung-clp.org\/wp-content\/uploads\/2019\/11\/Versteigerungskatalog-06.11.193523.pdf\" target=\"_blank\"><img loading=\"lazy\" decoding=\"async\" src=\"https:\/\/buergerstiftung-clp.org\/wp-content\/uploads\/2019\/11\/J71_1989-2-1100x300.jpg\" height=\"300\" width=\"1100\" alt=\"\" class=\"slider-1383 slide-1499 msDefaultImage\" title=\"10 Jahre B\u00fcrgerstiftung 2019\" \/><\/a><\/li>\n            <li style='display: none;' aria-roledescription='slide' aria-labelledby='slide-3'><img loading=\"lazy\" decoding=\"async\" src=\"https:\/\/buergerstiftung-clp.org\/wp-content\/uploads\/2019\/11\/J71_1978-2-1100x300.jpg\" height=\"300\" width=\"1100\" alt=\"\" class=\"slider-1383 slide-1500 msDefaultImage\" title=\"10 Jahre B\u00fcrgerstiftung 2019\" \/><\/li>\n            <li style='display: none;' aria-roledescription='slide' aria-labelledby='slide-4'><img loading=\"lazy\" decoding=\"async\" src=\"https:\/\/buergerstiftung-clp.org\/wp-content\/uploads\/2019\/11\/J71_1962-2-1100x300.jpg\" height=\"300\" width=\"1100\" alt=\"\" class=\"slider-1383 slide-1501 msDefaultImage\" title=\"10 Jahre B\u00fcrgerstiftung 2019\" \/><\/li>\n            <li style='display: none;' aria-roledescription='slide' aria-labelledby='slide-5'><img loading=\"lazy\" decoding=\"async\" src=\"https:\/\/buergerstiftung-clp.org\/wp-content\/uploads\/2019\/11\/J71_1972-2-1100x300.jpg\" height=\"300\" width=\"1100\" alt=\"\" class=\"slider-1383 slide-1502 msDefaultImage\" title=\"10 Jahre B\u00fcrgerstiftung 2019\" \/><\/li>\n            <li style='display: none;' aria-roledescription='slide' aria-labelledby='slide-6'><a href=\"https:\/\/buergerstiftung-clp.org\/wp-content\/uploads\/2019\/11\/Versteigerungskatalog-06.11.193523.pdf\" target=\"_blank\"><img loading=\"lazy\" decoding=\"async\" src=\"https:\/\/buergerstiftung-clp.org\/wp-content\/uploads\/2019\/09\/Haas-1000x272.jpg\" height=\"300\" width=\"1100\" alt=\"\" class=\"slider-1383 slide-1503 msDefaultImage\" title=\"Willibrord Haas &quot;Farbengl\u00fcck Radierung 8\/19 Blattgr\u00f6\u00dfe 69,0 x 54,0 cm\" \/><div class=\"caption-wrap\"><div class=\"caption\">Willibrord Haas \"Farbengl\u00fcck Radierung 8\/19 Blattgr\u00f6\u00dfe 69,0 x 54,0 cm <\/div><\/div><\/a><\/li>\n            <li style='display: none;' aria-roledescription='slide' aria-labelledby='slide-7'><a href=\"https:\/\/buergerstiftung-clp.org\/wp-content\/uploads\/2019\/11\/Versteigerungskatalog-06.11.193523.pdf\" target=\"_blank\"><img loading=\"lazy\" decoding=\"async\" src=\"https:\/\/buergerstiftung-clp.org\/wp-content\/uploads\/2019\/09\/Hische-1000x272.jpg\" height=\"300\" width=\"1100\" alt=\"\" class=\"slider-1383 slide-1504 msDefaultImage\" title=\"B\u00e4rbel Hische &quot;Gr\u00fcner Engel&quot; Linolschnitt 41\/50 Blattgr\u00f6\u00dfe 23,5 x 20,5 cm\" \/><div class=\"caption-wrap\"><div class=\"caption\">B\u00e4rbel Hische \"Gr\u00fcner Engel\" Linolschnitt 41\/50 Blattgr\u00f6\u00dfe 23,5 x 20,5 cm<\/div><\/div><\/a><\/li>\n            <li style='display: none;' aria-roledescription='slide' aria-labelledby='slide-8'><a href=\"https:\/\/buergerstiftung-clp.org\/wp-content\/uploads\/2019\/11\/Versteigerungskatalog-06.11.193523.pdf\" target=\"_blank\"><img loading=\"lazy\" decoding=\"async\" src=\"https:\/\/buergerstiftung-clp.org\/wp-content\/uploads\/2019\/09\/Theo-1100x300.jpg\" height=\"300\" width=\"1100\" alt=\"\" class=\"slider-1383 slide-1506 msDefaultImage\" title=\"&quot;Nashorn&quot; aus Teakholz\" \/><div class=\"caption-wrap\"><div class=\"caption\">\"Nashorn\" aus Teakholz<\/div><\/div><\/a><\/li>\n        <\/ul>\n        \n    <\/div>\n<\/div>\n<p>&nbsp;<\/p>\n<p>&nbsp;<\/p>\n<h1 style=\"text-align: center;\"><strong>10<\/strong> <strong>Jahre B\u00fcrgerstiftung Cloppenburg<\/strong><\/h1>\n<p><a href=\"https:\/\/buergerstiftung-clp.org\/wp-content\/uploads\/2019\/11\/J71_1974-2.jpg\" target=\"_blank\" rel=\"noopener noreferrer\"><img loading=\"lazy\" decoding=\"async\" class=\"aligncenter wp-image-1444 size-medium\" src=\"https:\/\/buergerstiftung-clp.org\/wp-content\/uploads\/2019\/11\/J71_1974-2-640x373.jpg\" alt=\"\" width=\"640\" height=\"373\" srcset=\"https:\/\/buergerstiftung-clp.org\/wp-content\/uploads\/2019\/11\/J71_1974-2-640x373.jpg 640w, https:\/\/buergerstiftung-clp.org\/wp-content\/uploads\/2019\/11\/J71_1974-2-1024x597.jpg 1024w, https:\/\/buergerstiftung-clp.org\/wp-content\/uploads\/2019\/11\/J71_1974-2-768x448.jpg 768w, https:\/\/buergerstiftung-clp.org\/wp-content\/uploads\/2019\/11\/J71_1974-2-1536x896.jpg 1536w, https:\/\/buergerstiftung-clp.org\/wp-content\/uploads\/2019\/11\/J71_1974-2.jpg 1920w\" sizes=\"auto, (max-width: 640px) 100vw, 640px\" \/><\/a><\/p>\n<h6 style=\"text-align: center;\">Alexander Rolfes und Andrea Rausch (Vorstand der B\u00fcrgerstiftung Cloppenburg)<\/h6>\n<p style=\"text-align: center;\">FREITAG DEN 15. NOVEMBER 2019\u00a0 um 18.30 UHR\u00a0 DORFKRUG IM MUSEUMSDORF<br \/>\nMuseumsstr. 25 (alter Eingang \/ Parkplatz) \u2022 49661 Cloppenburg<\/p>\n<p style=\"text-align: center;\">Anl\u00e4sslich unseres 10-j\u00e4hrigen Jubil\u00e4ums m\u00f6chten wir alle Stifter und ihre Partner, Freunde und Interessierte der B\u00fcrgerstiftung zu einem gemeinsamen Abend mit traditionellem G\u00e4nseessen einladen.<\/p>\n<p style=\"text-align: center;\">Am Abend findet eine <strong><a href=\"https:\/\/buergerstiftung-clp.org\/?page_id=1377\" target=\"_blank\" rel=\"noopener noreferrer\">Versteigerung<\/a><\/strong> hochwertiger Kunstobjekte statt.<br \/>\nVorab k\u00f6nnen Sie die Versteigerungsobjekte auf unserer Homepage www.buergerstiftung-clp.de begutachten.<br \/>\nDer Erl\u00f6s der Versteigerung geht an das <a href=\"https:\/\/www.vincenzhaus.de\/\" target=\"_blank\" rel=\"noopener noreferrer\">St. Vincenzhaus<\/a>, eine Einrichtung f\u00fcr Kinder und Jugendliche, die im christlichen Miteinander Lern- und Lebenswege finden.<\/p>\n<p style=\"text-align: center;\"><em>Einige Fotos von der Jubil\u00e4umsfeier der B\u00fcrgerstiftung<\/em><\/p>\n<h6 style=\"text-align: center;\">Bilder: \u00a9 J\u00fcrgen Luttmer<\/h6>\n<p>&nbsp;<\/p>\n<div id='gallery-1' class='gallery galleryid-1429 gallery-columns-5 gallery-size-thumbnail'><figure class='gallery-item'>\n\t\t\t<div class='gallery-icon landscape'>\n\t\t\t\t<a href='https:\/\/buergerstiftung-clp.org\/?attachment_id=1459#main'><img loading=\"lazy\" decoding=\"async\" width=\"200\" height=\"200\" src=\"https:\/\/buergerstiftung-clp.org\/wp-content\/uploads\/2019\/11\/J71_1957-2-200x200.jpg\" class=\"attachment-thumbnail size-thumbnail\" alt=\"\" \/><\/a>\n\t\t\t<\/div><\/figure><figure class='gallery-item'>\n\t\t\t<div class='gallery-icon landscape'>\n\t\t\t\t<a href='https:\/\/buergerstiftung-clp.org\/?attachment_id=1460#main'><img loading=\"lazy\" decoding=\"async\" width=\"200\" height=\"200\" src=\"https:\/\/buergerstiftung-clp.org\/wp-content\/uploads\/2019\/11\/J71_1958-2-200x200.jpg\" class=\"attachment-thumbnail size-thumbnail\" alt=\"\" \/><\/a>\n\t\t\t<\/div><\/figure><figure class='gallery-item'>\n\t\t\t<div class='gallery-icon landscape'>\n\t\t\t\t<a href='https:\/\/buergerstiftung-clp.org\/?attachment_id=1461#main'><img loading=\"lazy\" decoding=\"async\" width=\"200\" height=\"200\" src=\"https:\/\/buergerstiftung-clp.org\/wp-content\/uploads\/2019\/11\/J71_1959-2-200x200.jpg\" class=\"attachment-thumbnail size-thumbnail\" alt=\"\" \/><\/a>\n\t\t\t<\/div><\/figure><figure class='gallery-item'>\n\t\t\t<div class='gallery-icon landscape'>\n\t\t\t\t<a href='https:\/\/buergerstiftung-clp.org\/?attachment_id=1462#main'><img loading=\"lazy\" decoding=\"async\" width=\"200\" height=\"200\" src=\"https:\/\/buergerstiftung-clp.org\/wp-content\/uploads\/2019\/11\/J71_1960-2-200x200.jpg\" class=\"attachment-thumbnail size-thumbnail\" alt=\"\" \/><\/a>\n\t\t\t<\/div><\/figure><figure class='gallery-item'>\n\t\t\t<div class='gallery-icon landscape'>\n\t\t\t\t<a href='https:\/\/buergerstiftung-clp.org\/?attachment_id=1463#main'><img loading=\"lazy\" decoding=\"async\" width=\"200\" height=\"200\" src=\"https:\/\/buergerstiftung-clp.org\/wp-content\/uploads\/2019\/11\/J71_1961-2-200x200.jpg\" class=\"attachment-thumbnail size-thumbnail\" alt=\"\" \/><\/a>\n\t\t\t<\/div><\/figure><figure class='gallery-item'>\n\t\t\t<div class='gallery-icon landscape'>\n\t\t\t\t<a href='https:\/\/buergerstiftung-clp.org\/?attachment_id=1465#main'><img loading=\"lazy\" decoding=\"async\" width=\"200\" height=\"200\" src=\"https:\/\/buergerstiftung-clp.org\/wp-content\/uploads\/2019\/11\/J71_1962-2-200x200.jpg\" class=\"attachment-thumbnail size-thumbnail\" alt=\"\" \/><\/a>\n\t\t\t<\/div><\/figure><figure class='gallery-item'>\n\t\t\t<div class='gallery-icon landscape'>\n\t\t\t\t<a href='https:\/\/buergerstiftung-clp.org\/?attachment_id=1466#main'><img loading=\"lazy\" decoding=\"async\" width=\"200\" height=\"200\" src=\"https:\/\/buergerstiftung-clp.org\/wp-content\/uploads\/2019\/11\/J71_1963-2-200x200.jpg\" class=\"attachment-thumbnail size-thumbnail\" alt=\"\" \/><\/a>\n\t\t\t<\/div><\/figure><figure class='gallery-item'>\n\t\t\t<div class='gallery-icon landscape'>\n\t\t\t\t<a href='https:\/\/buergerstiftung-clp.org\/?attachment_id=1467#main'><img loading=\"lazy\" decoding=\"async\" width=\"200\" height=\"200\" src=\"https:\/\/buergerstiftung-clp.org\/wp-content\/uploads\/2019\/11\/J71_1964-2-200x200.jpg\" class=\"attachment-thumbnail size-thumbnail\" alt=\"\" \/><\/a>\n\t\t\t<\/div><\/figure><figure class='gallery-item'>\n\t\t\t<div class='gallery-icon landscape'>\n\t\t\t\t<a href='https:\/\/buergerstiftung-clp.org\/?attachment_id=1468#main'><img loading=\"lazy\" decoding=\"async\" width=\"200\" height=\"200\" src=\"https:\/\/buergerstiftung-clp.org\/wp-content\/uploads\/2019\/11\/J71_1965-2-200x200.jpg\" class=\"attachment-thumbnail size-thumbnail\" alt=\"\" \/><\/a>\n\t\t\t<\/div><\/figure><figure class='gallery-item'>\n\t\t\t<div class='gallery-icon landscape'>\n\t\t\t\t<a href='https:\/\/buergerstiftung-clp.org\/?attachment_id=1469#main'><img loading=\"lazy\" decoding=\"async\" width=\"200\" height=\"200\" src=\"https:\/\/buergerstiftung-clp.org\/wp-content\/uploads\/2019\/11\/J71_1966-2-200x200.jpg\" class=\"attachment-thumbnail size-thumbnail\" alt=\"\" \/><\/a>\n\t\t\t<\/div><\/figure><figure class='gallery-item'>\n\t\t\t<div class='gallery-icon landscape'>\n\t\t\t\t<a href='https:\/\/buergerstiftung-clp.org\/?attachment_id=1470#main'><img loading=\"lazy\" decoding=\"async\" width=\"200\" height=\"200\" src=\"https:\/\/buergerstiftung-clp.org\/wp-content\/uploads\/2019\/11\/J71_1967-2-200x200.jpg\" class=\"attachment-thumbnail size-thumbnail\" alt=\"\" \/><\/a>\n\t\t\t<\/div><\/figure><figure class='gallery-item'>\n\t\t\t<div class='gallery-icon landscape'>\n\t\t\t\t<a href='https:\/\/buergerstiftung-clp.org\/?attachment_id=1471#main'><img loading=\"lazy\" decoding=\"async\" width=\"200\" height=\"200\" src=\"https:\/\/buergerstiftung-clp.org\/wp-content\/uploads\/2019\/11\/J71_1968-2-200x200.jpg\" class=\"attachment-thumbnail size-thumbnail\" alt=\"\" \/><\/a>\n\t\t\t<\/div><\/figure><figure class='gallery-item'>\n\t\t\t<div class='gallery-icon landscape'>\n\t\t\t\t<a href='https:\/\/buergerstiftung-clp.org\/?attachment_id=1472#main'><img loading=\"lazy\" decoding=\"async\" width=\"200\" height=\"200\" src=\"https:\/\/buergerstiftung-clp.org\/wp-content\/uploads\/2019\/11\/J71_1969-2-200x200.jpg\" class=\"attachment-thumbnail size-thumbnail\" alt=\"\" \/><\/a>\n\t\t\t<\/div><\/figure><figure class='gallery-item'>\n\t\t\t<div class='gallery-icon landscape'>\n\t\t\t\t<a href='https:\/\/buergerstiftung-clp.org\/?attachment_id=1473#main'><img loading=\"lazy\" decoding=\"async\" width=\"200\" height=\"200\" src=\"https:\/\/buergerstiftung-clp.org\/wp-content\/uploads\/2019\/11\/J71_1970-2-200x200.jpg\" class=\"attachment-thumbnail size-thumbnail\" alt=\"\" \/><\/a>\n\t\t\t<\/div><\/figure><figure class='gallery-item'>\n\t\t\t<div class='gallery-icon landscape'>\n\t\t\t\t<a href='https:\/\/buergerstiftung-clp.org\/?attachment_id=1474#main'><img loading=\"lazy\" decoding=\"async\" width=\"200\" height=\"200\" src=\"https:\/\/buergerstiftung-clp.org\/wp-content\/uploads\/2019\/11\/J71_1971-2-200x200.jpg\" class=\"attachment-thumbnail size-thumbnail\" alt=\"\" \/><\/a>\n\t\t\t<\/div><\/figure><figure class='gallery-item'>\n\t\t\t<div class='gallery-icon landscape'>\n\t\t\t\t<a href='https:\/\/buergerstiftung-clp.org\/?attachment_id=1475#main'><img loading=\"lazy\" decoding=\"async\" width=\"200\" height=\"200\" src=\"https:\/\/buergerstiftung-clp.org\/wp-content\/uploads\/2019\/11\/J71_1972-2-200x200.jpg\" class=\"attachment-thumbnail size-thumbnail\" alt=\"\" \/><\/a>\n\t\t\t<\/div><\/figure><figure class='gallery-item'>\n\t\t\t<div class='gallery-icon landscape'>\n\t\t\t\t<a href='https:\/\/buergerstiftung-clp.org\/?attachment_id=1476#main'><img loading=\"lazy\" decoding=\"async\" width=\"200\" height=\"200\" src=\"https:\/\/buergerstiftung-clp.org\/wp-content\/uploads\/2019\/11\/J71_1974-2-1-200x200.jpg\" class=\"attachment-thumbnail size-thumbnail\" alt=\"\" \/><\/a>\n\t\t\t<\/div><\/figure><figure class='gallery-item'>\n\t\t\t<div class='gallery-icon landscape'>\n\t\t\t\t<a href='https:\/\/buergerstiftung-clp.org\/?attachment_id=1477#main'><img loading=\"lazy\" decoding=\"async\" width=\"200\" height=\"200\" src=\"https:\/\/buergerstiftung-clp.org\/wp-content\/uploads\/2019\/11\/J71_1975-2-200x200.jpg\" class=\"attachment-thumbnail size-thumbnail\" alt=\"\" \/><\/a>\n\t\t\t<\/div><\/figure><figure class='gallery-item'>\n\t\t\t<div class='gallery-icon landscape'>\n\t\t\t\t<a href='https:\/\/buergerstiftung-clp.org\/?attachment_id=1478#main'><img loading=\"lazy\" decoding=\"async\" width=\"200\" height=\"200\" src=\"https:\/\/buergerstiftung-clp.org\/wp-content\/uploads\/2019\/11\/J71_1977-2-200x200.jpg\" class=\"attachment-thumbnail size-thumbnail\" alt=\"\" \/><\/a>\n\t\t\t<\/div><\/figure><figure class='gallery-item'>\n\t\t\t<div class='gallery-icon landscape'>\n\t\t\t\t<a href='https:\/\/buergerstiftung-clp.org\/?attachment_id=1479#main'><img loading=\"lazy\" decoding=\"async\" width=\"200\" height=\"200\" src=\"https:\/\/buergerstiftung-clp.org\/wp-content\/uploads\/2019\/11\/J71_1978-2-200x200.jpg\" class=\"attachment-thumbnail size-thumbnail\" alt=\"\" \/><\/a>\n\t\t\t<\/div><\/figure><figure class='gallery-item'>\n\t\t\t<div class='gallery-icon landscape'>\n\t\t\t\t<a href='https:\/\/buergerstiftung-clp.org\/?attachment_id=1480#main'><img loading=\"lazy\" decoding=\"async\" width=\"200\" height=\"200\" src=\"https:\/\/buergerstiftung-clp.org\/wp-content\/uploads\/2019\/11\/J71_1981-2-200x200.jpg\" class=\"attachment-thumbnail size-thumbnail\" alt=\"\" \/><\/a>\n\t\t\t<\/div><\/figure><figure class='gallery-item'>\n\t\t\t<div class='gallery-icon landscape'>\n\t\t\t\t<a href='https:\/\/buergerstiftung-clp.org\/?attachment_id=1481#main'><img loading=\"lazy\" decoding=\"async\" width=\"200\" height=\"200\" src=\"https:\/\/buergerstiftung-clp.org\/wp-content\/uploads\/2019\/11\/J71_1982-2-200x200.jpg\" class=\"attachment-thumbnail size-thumbnail\" alt=\"\" \/><\/a>\n\t\t\t<\/div><\/figure><figure class='gallery-item'>\n\t\t\t<div class='gallery-icon landscape'>\n\t\t\t\t<a href='https:\/\/buergerstiftung-clp.org\/?attachment_id=1482#main'><img loading=\"lazy\" decoding=\"async\" width=\"200\" height=\"200\" src=\"https:\/\/buergerstiftung-clp.org\/wp-content\/uploads\/2019\/11\/J71_1983-2-200x200.jpg\" class=\"attachment-thumbnail size-thumbnail\" alt=\"\" \/><\/a>\n\t\t\t<\/div><\/figure><figure class='gallery-item'>\n\t\t\t<div class='gallery-icon landscape'>\n\t\t\t\t<a href='https:\/\/buergerstiftung-clp.org\/?attachment_id=1483#main'><img loading=\"lazy\" decoding=\"async\" width=\"200\" height=\"200\" src=\"https:\/\/buergerstiftung-clp.org\/wp-content\/uploads\/2019\/11\/J71_1984-2-200x200.jpg\" class=\"attachment-thumbnail size-thumbnail\" alt=\"\" \/><\/a>\n\t\t\t<\/div><\/figure><figure class='gallery-item'>\n\t\t\t<div class='gallery-icon landscape'>\n\t\t\t\t<a href='https:\/\/buergerstiftung-clp.org\/?attachment_id=1484#main'><img loading=\"lazy\" decoding=\"async\" width=\"200\" height=\"200\" src=\"https:\/\/buergerstiftung-clp.org\/wp-content\/uploads\/2019\/11\/J71_1985-2-200x200.jpg\" class=\"attachment-thumbnail size-thumbnail\" alt=\"\" \/><\/a>\n\t\t\t<\/div><\/figure><figure class='gallery-item'>\n\t\t\t<div class='gallery-icon landscape'>\n\t\t\t\t<a href='https:\/\/buergerstiftung-clp.org\/?attachment_id=1485#main'><img loading=\"lazy\" decoding=\"async\" width=\"200\" height=\"200\" src=\"https:\/\/buergerstiftung-clp.org\/wp-content\/uploads\/2019\/11\/J71_1986-2-200x200.jpg\" class=\"attachment-thumbnail size-thumbnail\" alt=\"\" \/><\/a>\n\t\t\t<\/div><\/figure><figure class='gallery-item'>\n\t\t\t<div class='gallery-icon landscape'>\n\t\t\t\t<a href='https:\/\/buergerstiftung-clp.org\/?attachment_id=1486#main'><img loading=\"lazy\" decoding=\"async\" width=\"200\" height=\"200\" src=\"https:\/\/buergerstiftung-clp.org\/wp-content\/uploads\/2019\/11\/J71_1988-2-200x200.jpg\" class=\"attachment-thumbnail size-thumbnail\" alt=\"\" \/><\/a>\n\t\t\t<\/div><\/figure><figure class='gallery-item'>\n\t\t\t<div class='gallery-icon landscape'>\n\t\t\t\t<a href='https:\/\/buergerstiftung-clp.org\/?attachment_id=1487#main'><img loading=\"lazy\" decoding=\"async\" width=\"200\" height=\"200\" src=\"https:\/\/buergerstiftung-clp.org\/wp-content\/uploads\/2019\/11\/J71_1989-2-200x200.jpg\" class=\"attachment-thumbnail size-thumbnail\" alt=\"\" \/><\/a>\n\t\t\t<\/div><\/figure><figure class='gallery-item'>\n\t\t\t<div class='gallery-icon landscape'>\n\t\t\t\t<a href='https:\/\/buergerstiftung-clp.org\/?attachment_id=1488#main'><img loading=\"lazy\" decoding=\"async\" width=\"200\" height=\"200\" src=\"https:\/\/buergerstiftung-clp.org\/wp-content\/uploads\/2019\/11\/J71_1991-2-200x200.jpg\" class=\"attachment-thumbnail size-thumbnail\" alt=\"\" \/><\/a>\n\t\t\t<\/div><\/figure><figure class='gallery-item'>\n\t\t\t<div class='gallery-icon landscape'>\n\t\t\t\t<a href='https:\/\/buergerstiftung-clp.org\/?attachment_id=1489#main'><img loading=\"lazy\" decoding=\"async\" width=\"200\" height=\"200\" src=\"https:\/\/buergerstiftung-clp.org\/wp-content\/uploads\/2019\/11\/J71_1993-2-200x200.jpg\" class=\"attachment-thumbnail size-thumbnail\" alt=\"\" \/><\/a>\n\t\t\t<\/div><\/figure><figure class='gallery-item'>\n\t\t\t<div class='gallery-icon landscape'>\n\t\t\t\t<a href='https:\/\/buergerstiftung-clp.org\/?attachment_id=1490#main'><img loading=\"lazy\" decoding=\"async\" width=\"200\" height=\"200\" src=\"https:\/\/buergerstiftung-clp.org\/wp-content\/uploads\/2019\/11\/J71_1995-2-200x200.jpg\" class=\"attachment-thumbnail size-thumbnail\" alt=\"\" \/><\/a>\n\t\t\t<\/div><\/figure><figure class='gallery-item'>\n\t\t\t<div class='gallery-icon landscape'>\n\t\t\t\t<a href='https:\/\/buergerstiftung-clp.org\/?attachment_id=1491#main'><img loading=\"lazy\" decoding=\"async\" width=\"200\" height=\"200\" src=\"https:\/\/buergerstiftung-clp.org\/wp-content\/uploads\/2019\/11\/J71_1996-2-200x200.jpg\" class=\"attachment-thumbnail size-thumbnail\" alt=\"\" \/><\/a>\n\t\t\t<\/div><\/figure>\n\t\t<\/div>\n\n<h2><\/h2>\n<h1 style=\"text-align: center;\">Der Versteigerungserl\u00f6s 17800 \u20ac f\u00fcr das St. Vincenzhaus<\/h1>\n<p><a href=\"https:\/\/buergerstiftung-clp.org\/?p=1517\"><img loading=\"lazy\" decoding=\"async\" class=\"aligncenter wp-image-1518 size-medium\" src=\"https:\/\/buergerstiftung-clp.org\/wp-content\/uploads\/2019\/11\/M\u00fcnsterl\u00e4ndische-Tageszeitung-vom-25.11.2019-640x206.jpg\" alt=\"\" width=\"640\" height=\"206\" srcset=\"https:\/\/buergerstiftung-clp.org\/wp-content\/uploads\/2019\/11\/M\u00fcnsterl\u00e4ndische-Tageszeitung-vom-25.11.2019-640x206.jpg 640w, https:\/\/buergerstiftung-clp.org\/wp-content\/uploads\/2019\/11\/M\u00fcnsterl\u00e4ndische-Tageszeitung-vom-25.11.2019-1024x330.jpg 1024w, https:\/\/buergerstiftung-clp.org\/wp-content\/uploads\/2019\/11\/M\u00fcnsterl\u00e4ndische-Tageszeitung-vom-25.11.2019-768x247.jpg 768w, https:\/\/buergerstiftung-clp.org\/wp-content\/uploads\/2019\/11\/M\u00fcnsterl\u00e4ndische-Tageszeitung-vom-25.11.2019-1536x494.jpg 1536w, https:\/\/buergerstiftung-clp.org\/wp-content\/uploads\/2019\/11\/M\u00fcnsterl\u00e4ndische-Tageszeitung-vom-25.11.2019.jpg 1684w\" sizes=\"auto, (max-width: 640px) 100vw, 640px\" \/><\/a><\/p>\n<h3 style=\"text-align: center;\"><strong>B\u00fcrgerstiftung blickt auf zehn Jahre zur\u00fcck<\/strong><\/h3>\n<p><strong>Versteigerung zum Jubil\u00e4um bringt 17800 Euro f\u00fcr das <a href=\"https:\/\/www.vincenzhaus.de\/\" target=\"_blank\" rel=\"noopener noreferrer\">St. Vincenzhaus<\/a> in Cloppenburg<br \/>\n<\/strong><br \/>\n<strong>Cloppenburg<\/strong> (mt). Mit seiner Unterschrift f\u00fcr die Satzung der B\u00fcrgerstiftung Cloppenburg am 26. November 2009 gab Heinz-Josef Imsiecke (\u2020) den Startschuss f\u00fcr ehrenamtliches Engagement von B\u00fcrgern f\u00fcr B\u00fcrger in Cloppenburg. Anl\u00e4sslich dieses Ereignisses versammelten sich rund 150 G\u00e4ste im Dorfkrug des Museumsdorfes.<br \/>\nIm Mittelpunkt an diesem Abend standen 17 Kunstobjekte, die in Teilen die K\u00fcnstler selbst oder aus dem Privatbesitz einzelner G\u00f6nner der B\u00fcrgerstiftung gespendet wurden: Diese wurden von Rick Schouten meistbietend versteigert. Der Auktionator f\u00fchrte mit Charme durch den Versteigerungskatalog und trug somit dazu bei, dass am Ende des Abends <strong>17800 Euro<\/strong> eingenommen wurden.<br \/>\nF\u00fcr diese Summe bedankte sich Rita Berndmeyer, Wohnheimleiterin des <a href=\"https:\/\/www.vincenzhaus.de\/\" target=\"_blank\" rel=\"noopener noreferrer\">St. Vincenzhauses Cloppenburg<\/a>, an das der Gesamterl\u00f6s flie\u00dft: \u201eWir sind eine Wohneinrichtung mit schulpflichtigen Kindern und Jugendlichen mit dem F\u00f6rderbedarf im Bereich Lernen und Geistige Entwicklung. Es leben 90 Kinder und Jugendliche auf 10 Wohngruppen verteilt.&#8220;<br \/>\nDie Kinder und Jugendlichen, die in den Wohngruppen aufgenommen werden, kommen teilweise aus schwierigen Familienverh\u00e4ltnissen. Sie haben traumatische Erfahrungen gemacht und bringen auch sozial-emotionale Verhaltensauff\u00e4lligkeiten mit.<br \/>\nEin Teil der Kinder kann \u00fcber die Weihnachtsferien nur begrenzt oder gar nicht nach Hause fahren. Aus diesem Grund plane die Einrichtung verschiedene Ferienangebote, wie Schlittschuhfahren, Koch- und Backnachmittage, Wandern im Harz und Museumsbesuche.<br \/>\n\u201eDie Kinder und Jugendlichen finanzieren aus ihrem Taschengeld teilweise ihr Weihnachtsgeschenk selbst. Weihnachtsbeihilfen erhalten wir seitens der Kostentr\u00e4ger nicht, daher sind wir auf die finanzielle Unterst\u00fctzung angewiesen und freuen uns \u00fcber die beeindruckende Summe&#8220;, so Berndmeyer weiter.<br \/>\nDie B\u00fcrgerstiftung will \u201eGemeinsames erreichen&#8220;: Wer sich \u00fcber aktuelle Projekte informieren, selbst Stifter werden oder Projekte und Initiativen durch Spenden unterst\u00fctzen m\u00f6chte, kann sich online unter www.b\u00fcrgerstiftung-clp.de informieren.<\/p>\n<h6><strong>Mit Hammer und Mikro:<\/strong> \u201eAuktionator&#8220; Rick Schouten f\u00fchrte souver\u00e4n durch die Versteigerung.<br \/>\n<strong>Foto:<\/strong> J\u00fcrgen Luttmer, B\u00fcrgerstiftung<\/h6>\n","protected":false},"excerpt":{"rendered":"<p>&nbsp; &nbsp; 10 Jahre B\u00fcrgerstiftung Cloppenburg Alexander Rolfes und Andrea Rausch (Vorstand der B\u00fcrgerstiftung Cloppenburg) FREITAG DEN 15. NOVEMBER 2019\u00a0 um 18.30 UHR\u00a0 DORFKRUG IM MUSEUMSDORF Museumsstr. 25 (alter Eingang \/ Parkplatz) \u2022 49661 Cloppenburg &#8230; <a title=\"JUBIL\u00c4UM 10 Jahre\" class=\"read-more\" href=\"https:\/\/buergerstiftung-clp.org\/?page_id=1429\" aria-label=\"Mehr Informationen \u00fcber JUBIL\u00c4UM 10 Jahre\">Weiter lesen<\/a><\/p>\n","protected":false},"author":1,"featured_media":0,"parent":0,"menu_order":0,"comment_status":"closed","ping_status":"closed","template":"","meta":{"footnotes":""},"class_list":["post-1429","page","type-page","status-publish"],"_links":{"self":[{"href":"https:\/\/buergerstiftung-clp.org\/index.php?rest_route=\/wp\/v2\/pages\/1429","targetHints":{"allow":["GET"]}}],"collection":[{"href":"https:\/\/buergerstiftung-clp.org\/index.php?rest_route=\/wp\/v2\/pages"}],"about":[{"href":"https:\/\/buergerstiftung-clp.org\/index.php?rest_route=\/wp\/v2\/types\/page"}],"author":[{"embeddable":true,"href":"https:\/\/buergerstiftung-clp.org\/index.php?rest_route=\/wp\/v2\/users\/1"}],"replies":[{"embeddable":true,"href":"https:\/\/buergerstiftung-clp.org\/index.php?rest_route=%2Fwp%2Fv2%2Fcomments&post=1429"}],"version-history":[{"count":41,"href":"https:\/\/buergerstiftung-clp.org\/index.php?rest_route=\/wp\/v2\/pages\/1429\/revisions"}],"predecessor-version":[{"id":1713,"href":"https:\/\/buergerstiftung-clp.org\/index.php?rest_route=\/wp\/v2\/pages\/1429\/revisions\/1713"}],"wp:attachment":[{"href":"https:\/\/buergerstiftung-clp.org\/index.php?rest_route=%2Fwp%2Fv2%2Fmedia&parent=1429"}],"curies":[{"name":"wp","href":"https:\/\/api.w.org\/{rel}","templated":true}]}}