{"id":2276,"date":"2025-04-27T13:36:05","date_gmt":"2025-04-27T11:36:05","guid":{"rendered":"https:\/\/buergerstiftung-clp.org\/?page_id=2276"},"modified":"2025-04-30T11:38:05","modified_gmt":"2025-04-30T09:38:05","slug":"anmeldung-buergerfruehstueck","status":"publish","type":"page","link":"https:\/\/buergerstiftung-clp.org\/?page_id=2276","title":{"rendered":"Anmeldung B\u00fcrgerfr\u00fchst\u00fcck"},"content":{"rendered":"\n<div class=\"wpcf7 no-js\" id=\"wpcf7-f901-o1\" lang=\"de-DE\" dir=\"ltr\" data-wpcf7-id=\"901\">\n<div class=\"screen-reader-response\"><p role=\"status\" aria-live=\"polite\" aria-atomic=\"true\"><\/p> <ul><\/ul><\/div>\n<form action=\"\/index.php?rest_route=%2Fwp%2Fv2%2Fpages%2F2276#wpcf7-f901-o1\" method=\"post\" class=\"wpcf7-form init wpcf7-acceptance-as-validation\" aria-label=\"Kontaktformular\" novalidate=\"novalidate\" data-status=\"init\">\n<fieldset class=\"hidden-fields-container\"><input type=\"hidden\" name=\"_wpcf7\" value=\"901\" \/><input type=\"hidden\" name=\"_wpcf7_version\" value=\"6.1.5\" \/><input type=\"hidden\" name=\"_wpcf7_locale\" value=\"de_DE\" \/><input type=\"hidden\" name=\"_wpcf7_unit_tag\" value=\"wpcf7-f901-o1\" \/><input type=\"hidden\" name=\"_wpcf7_container_post\" value=\"0\" \/><input type=\"hidden\" name=\"_wpcf7_posted_data_hash\" value=\"\" \/>\n<\/fieldset>\n<h3><br \/>\n<b>Anmeldungen bis zum 01.08.2025 m\u00f6glich!<\/b>\n<\/h3>\n<p><label>Ihr Vorname<br \/>\n<span class=\"wpcf7-form-control-wrap\" data-name=\"your-name-first\"><input size=\"40\" maxlength=\"400\" class=\"wpcf7-form-control wpcf7-text wpcf7-validates-as-required\" aria-required=\"true\" aria-invalid=\"false\" value=\"\" type=\"text\" name=\"your-name-first\" \/><\/span> <\/label>\n<\/p>\n<p><label> Ihr Nachname<br \/>\n<span class=\"wpcf7-form-control-wrap\" data-name=\"your-name-last\"><input size=\"40\" maxlength=\"400\" class=\"wpcf7-form-control wpcf7-text wpcf7-validates-as-required\" aria-required=\"true\" aria-invalid=\"false\" value=\"\" type=\"text\" name=\"your-name-last\" \/><\/span> <\/label>\n<\/p>\n<p><label> Strasse und Haus Nr.<br \/>\n<span class=\"wpcf7-form-control-wrap\" data-name=\"your-address-street\"><input size=\"40\" maxlength=\"400\" class=\"wpcf7-form-control wpcf7-text wpcf7-validates-as-required\" aria-required=\"true\" aria-invalid=\"false\" value=\"\" type=\"text\" name=\"your-address-street\" \/><\/span> <\/label>\n<\/p>\n<p><label> PLZ<br \/>\n<span class=\"wpcf7-form-control-wrap\" data-name=\"your-address-zip\"><input size=\"40\" maxlength=\"400\" class=\"wpcf7-form-control wpcf7-text wpcf7-validates-as-required\" aria-required=\"true\" aria-invalid=\"false\" value=\"\" type=\"text\" name=\"your-address-zip\" \/><\/span> <\/label>\n<\/p>\n<p><label> Ort<br \/>\n<span class=\"wpcf7-form-control-wrap\" data-name=\"your-address-city\"><input size=\"40\" maxlength=\"400\" class=\"wpcf7-form-control wpcf7-text wpcf7-validates-as-required\" aria-required=\"true\" aria-invalid=\"false\" value=\"\" type=\"text\" name=\"your-address-city\" \/><\/span> <\/label>\n<\/p>\n<p><label> Ihre Telefon Nr.<br \/>\n<span class=\"wpcf7-form-control-wrap\" data-name=\"your-phone\"><input size=\"40\" maxlength=\"400\" class=\"wpcf7-form-control wpcf7-text wpcf7-validates-as-required\" aria-required=\"true\" aria-invalid=\"false\" value=\"\" type=\"text\" name=\"your-phone\" \/><\/span> <\/label>\n<\/p>\n<p><label> Ihre E-Mail-Adresse<br \/>\n<span class=\"wpcf7-form-control-wrap\" data-name=\"your-email\"><input size=\"40\" maxlength=\"400\" class=\"wpcf7-form-control wpcf7-email wpcf7-validates-as-required wpcf7-text wpcf7-validates-as-email\" aria-required=\"true\" aria-invalid=\"false\" value=\"\" type=\"email\" name=\"your-email\" \/><\/span> <\/label>\n<\/p>\n<h4><br \/>\n<label><b>Hiermit reserviere ich verbindlich einen Tisch f\u00fcr<\/b><\/label><br \/>\n<span class=\"wpcf7-form-control-wrap\" data-name=\"radio-Tisch\"><span class=\"wpcf7-form-control wpcf7-radio\"><span class=\"wpcf7-list-item first\"><label><input type=\"radio\" name=\"radio-Tisch\" value=\"2 Personen (Gesamtpreis: 15 EUR)\" \/><span class=\"wpcf7-list-item-label\">2 Personen (Gesamtpreis: 15 EUR)<\/span><\/label><\/span><span class=\"wpcf7-list-item\"><label><input type=\"radio\" name=\"radio-Tisch\" value=\"4 Personen (Gesamtpreis: 30 EUR)\" \/><span class=\"wpcf7-list-item-label\">4 Personen (Gesamtpreis: 30 EUR)<\/span><\/label><\/span><span class=\"wpcf7-list-item last\"><label><input type=\"radio\" name=\"radio-Tisch\" value=\"8 Personen (Gesamtpreis: 60 EUR)\" \/><span class=\"wpcf7-list-item-label\">8 Personen (Gesamtpreis: 60 EUR)<\/span><\/label><\/span><\/span><\/span>\n<\/h4>\n<h4><br \/>\n<span class=\"wpcf7-form-control-wrap\" data-name=\"bankdaten\"><span class=\"wpcf7-form-control wpcf7-acceptance\"><span class=\"wpcf7-list-item\"><label><input type=\"checkbox\" name=\"bankdaten\" value=\"1\" aria-invalid=\"false\" \/><span class=\"wpcf7-list-item-label\">Ich \u00fcberweise den Betrag an folgende Bankverbindung:\n\n<b>Volksbank Cloppenburg, \nIBAN: DE41\u00a02806\u00a01501\u00a00009\u00a09996\u00a000,\nBIC: GENODEF1CLP<\/b><\/span><\/label><\/span><\/span><\/span>\n<\/h4>\n<h4><br \/>\n<span class=\"wpcf7-form-control-wrap\" data-name=\"eat\"><span class=\"wpcf7-form-control wpcf7-acceptance\"><span class=\"wpcf7-list-item\"><label><input type=\"checkbox\" name=\"eat\" value=\"1\" aria-invalid=\"false\" \/><span class=\"wpcf7-list-item-label\"><b>WICHTIG!<\/b> Mir ist bekannt, dass s\u00e4mtliches Geschirr, Besteck, Tassen und ggf. eine Thermoskanne <b>von mir selbst mitzubringen<\/b> sind! Von der B\u00fcrgerstiftung werde ich mit leckeren Br\u00f6tchen (Sie bringen bitte mit, womit Sie Ihre Br\u00f6tchen gerne belegen), Obst, Kaffee, Tee und einem Unterhaltungsprogramm f\u00fcr Jung und Alt versorgt. <b>Meine Anmeldung ist erst nach \u00dcberweisung g\u00fcltig!<\/b><\/span><\/label><\/span><\/span><\/span>\n<\/h4>\n<h4><br \/>\n<span class=\"wpcf7-form-control-wrap\" data-name=\"agbs\"><span class=\"wpcf7-form-control wpcf7-acceptance\"><span class=\"wpcf7-list-item\"><label><input type=\"checkbox\" name=\"agbs\" value=\"1\" aria-invalid=\"false\" \/><span class=\"wpcf7-list-item-label\">Ich habe die <a href=\"https:\/\/buergerstiftung-clp.org\/?page_id=30\">Datenschutzerkl\u00e4rung.<\/a> zur Kenntnis genommen und akzeptiert.  Ich stimme zu, dass meine Formularangaben zur Kontaktaufnahme bzw. zur Bearbeitung meines Anliegens gespeichert werden.<\/span><\/label><\/span><\/span><\/span>\n<\/h4>\n<h1><br \/>\n<input class=\"wpcf7-form-control wpcf7-submit has-spinner\" type=\"submit\" value=\"&gt;&gt;&gt; Anmeldung jetzt senden &lt;&lt;&lt;\" \/>\n<\/h1><p style=\"display: none !important;\" class=\"akismet-fields-container\" data-prefix=\"_wpcf7_ak_\"><label>&#916;<textarea name=\"_wpcf7_ak_hp_textarea\" cols=\"45\" rows=\"8\" maxlength=\"100\"><\/textarea><\/label><input type=\"hidden\" id=\"ak_js_1\" name=\"_wpcf7_ak_js\" value=\"123\"\/><script>document.getElementById( \"ak_js_1\" ).setAttribute( \"value\", ( new Date() ).getTime() );<\/script><\/p><div class=\"wpcf7-response-output\" aria-hidden=\"true\"><\/div>\n<\/form>\n<\/div>\n\n","protected":false},"excerpt":{"rendered":"","protected":false},"author":1,"featured_media":0,"parent":0,"menu_order":0,"comment_status":"closed","ping_status":"closed","template":"","meta":{"footnotes":""},"class_list":["post-2276","page","type-page","status-publish"],"_links":{"self":[{"href":"https:\/\/buergerstiftung-clp.org\/index.php?rest_route=\/wp\/v2\/pages\/2276","targetHints":{"allow":["GET"]}}],"collection":[{"href":"https:\/\/buergerstiftung-clp.org\/index.php?rest_route=\/wp\/v2\/pages"}],"about":[{"href":"https:\/\/buergerstiftung-clp.org\/index.php?rest_route=\/wp\/v2\/types\/page"}],"author":[{"embeddable":true,"href":"https:\/\/buergerstiftung-clp.org\/index.php?rest_route=\/wp\/v2\/users\/1"}],"replies":[{"embeddable":true,"href":"https:\/\/buergerstiftung-clp.org\/index.php?rest_route=%2Fwp%2Fv2%2Fcomments&post=2276"}],"version-history":[{"count":6,"href":"https:\/\/buergerstiftung-clp.org\/index.php?rest_route=\/wp\/v2\/pages\/2276\/revisions"}],"predecessor-version":[{"id":2296,"href":"https:\/\/buergerstiftung-clp.org\/index.php?rest_route=\/wp\/v2\/pages\/2276\/revisions\/2296"}],"wp:attachment":[{"href":"https:\/\/buergerstiftung-clp.org\/index.php?rest_route=%2Fwp%2Fv2%2Fmedia&parent=2276"}],"curies":[{"name":"wp","href":"https:\/\/api.w.org\/{rel}","templated":true}]}}